{"id":539,"date":"2025-03-02T17:38:20","date_gmt":"2025-03-02T16:38:20","guid":{"rendered":"https:\/\/zavod-vucko.si\/condizioni-di-utilizzo\/"},"modified":"2025-04-06T09:49:31","modified_gmt":"2025-04-06T08:49:31","slug":"condizioni-di-utilizzo","status":"publish","type":"page","link":"https:\/\/zavod-vucko.si\/it\/condizioni-di-utilizzo\/","title":{"rendered":"Condizioni di utilizzo"},"content":{"rendered":"\t\t<div data-elementor-type=\"wp-page\" data-elementor-id=\"539\" class=\"elementor elementor-539 elementor-462\" data-elementor-post-type=\"page\">\n\t\t\t\t<div class=\"elementor-element elementor-element-2f047ff0 e-flex e-con-boxed e-con e-parent\" data-id=\"2f047ff0\" data-element_type=\"container\" data-e-type=\"container\">\n\t\t\t\t\t<div class=\"e-con-inner\">\n\t\t\t\t<div class=\"elementor-element elementor-element-274f6bfa elementor-widget elementor-widget-text-editor\" data-id=\"274f6bfa\" data-element_type=\"widget\" data-e-type=\"widget\" data-widget_type=\"text-editor.default\">\n\t\t\t\t<div class=\"elementor-widget-container\">\n\t\t\t\t\t\t\t\t\t<p>Data dell&#8217;ultimo aggiornamento: 2.3.2025<\/p><ol><li><strong>Accettazione di questi termini<\/strong><br>Utilizzando questo sito web WordPress [NOME DEL SITO WEB], l&#8217;utente accetta i presenti termini di utilizzo. Se non si accettano questi termini, si prega di non utilizzare il nostro sito web.<\/li><li><strong>Modifiche alle presenti Condizioni<\/strong><br>Ci riserviamo il diritto di modificare le presenti Condizioni in qualsiasi momento. Le modifiche saranno pubblicate su questa pagina.<\/li><li><strong>Uso di<\/strong><br>L&#8217;utente accetta di utilizzare il sito web solo per scopi leciti e in modo da non violare i diritti di altri o limitare il loro uso del sito web.<\/li><li><strong>Contenuti dell&#8217;utente<\/strong><br>Se il nostro sito WordPress consente all&#8217;utente di commentare o pubblicare contenuti, l&#8217;utente \u00e8 responsabile dei contenuti che pubblica. \u00c8 vietato pubblicare contenuti illegali, offensivi o dannosi.<\/li><li><strong>Propriet\u00e0 intellettuale<\/strong><br>Il contenuto di questo sito web, compresi testi, grafici, loghi e immagini, \u00e8 di propriet\u00e0 di [NOME DELL&#8217;ORGANIZZAZIONE] ed \u00e8 protetto dalle leggi sul copyright.<\/li><li><strong>WordPress e plugin<\/strong><br>Il nostro sito web utilizza il CMS WordPress e pu\u00f2 includere vari plugin. L&#8217;uso di questi \u00e8 soggetto alle loro condizioni d&#8217;uso.<\/li><li><strong>Disclaimer<\/strong><br>L&#8217;utente utilizza questo sito web a proprio rischio e pericolo. Non ci assumiamo alcuna responsabilit\u00e0 per eventuali danni derivanti dall&#8217;uso del nostro sito web o del suo contenuto.<\/li><li><strong>Link a terzi<\/strong><br>Il nostro sito web WordPress pu\u00f2 contenere link a siti web di terzi. Non ci assumiamo alcuna responsabilit\u00e0 per il contenuto o le pratiche di questi siti web.<\/li><li><strong>Privacy e cookie<\/strong><br>L&#8217;utilizzo di questo sito web \u00e8 soggetto alla nostra Informativa sulla privacy. WordPress utilizza i cookie, che l&#8217;utente accetta utilizzando questo sito.<\/li><li><strong>Interruzione dell&#8217;accesso<\/strong><br>Ci riserviamo il diritto di interrompere o limitare l&#8217;accesso al sito web in qualsiasi momento e senza preavviso.<\/li><li><strong>Legge applicabile<\/strong><br>Le presenti Condizioni d&#8217;uso sono disciplinate e interpretate in conformit\u00e0 alle leggi della Repubblica di Slovenia.<\/li><li><strong>Contatto<\/strong><br>Per qualsiasi domanda sulle presenti Condizioni d&#8217;uso, si prega di contattarci all&#8217;indirizzo <a href=\"mailto:narocanje@zavod-vucko.si\">narocanje@zavod-vucko.si<\/a>.<\/li><\/ol><p> <\/p>\t\t\t\t\t\t\t\t<\/div>\n\t\t\t\t<\/div>\n\t\t\t\t\t<\/div>\n\t\t\t\t<\/div>\n\t\t\t\t<\/div>\n\t\t","protected":false},"excerpt":{"rendered":"<p>Data dell&#8217;ultimo aggiornamento: 2.3.2025 Accettazione di questi terminiUtilizzando questo sito web WordPress [NOME DEL SITO WEB], l&#8217;utente accetta i presenti termini di utilizzo. Se non si accettano questi termini, si prega di non utilizzare il nostro sito web. Modifiche alle presenti CondizioniCi riserviamo il diritto di modificare le presenti Condizioni in qualsiasi momento. Le modifiche [&hellip;]<\/p>\n","protected":false},"author":1,"featured_media":0,"parent":0,"menu_order":0,"comment_status":"closed","ping_status":"closed","template":"","meta":{"footnotes":""},"class_list":["post-539","page","type-page","status-publish","hentry"],"_links":{"self":[{"href":"https:\/\/zavod-vucko.si\/it\/wp-json\/wp\/v2\/pages\/539","targetHints":{"allow":["GET"]}}],"collection":[{"href":"https:\/\/zavod-vucko.si\/it\/wp-json\/wp\/v2\/pages"}],"about":[{"href":"https:\/\/zavod-vucko.si\/it\/wp-json\/wp\/v2\/types\/page"}],"author":[{"embeddable":true,"href":"https:\/\/zavod-vucko.si\/it\/wp-json\/wp\/v2\/users\/1"}],"replies":[{"embeddable":true,"href":"https:\/\/zavod-vucko.si\/it\/wp-json\/wp\/v2\/comments?post=539"}],"version-history":[{"count":1,"href":"https:\/\/zavod-vucko.si\/it\/wp-json\/wp\/v2\/pages\/539\/revisions"}],"predecessor-version":[{"id":540,"href":"https:\/\/zavod-vucko.si\/it\/wp-json\/wp\/v2\/pages\/539\/revisions\/540"}],"wp:attachment":[{"href":"https:\/\/zavod-vucko.si\/it\/wp-json\/wp\/v2\/media?parent=539"}],"curies":[{"name":"wp","href":"https:\/\/api.w.org\/{rel}","templated":true}]}}