{"id":537,"date":"2025-03-02T14:56:14","date_gmt":"2025-03-02T13:56:14","guid":{"rendered":"https:\/\/zavod-vucko.si\/chi-siamo\/"},"modified":"2026-03-26T07:26:21","modified_gmt":"2026-03-26T06:26:21","slug":"chi-siamo","status":"publish","type":"page","link":"https:\/\/zavod-vucko.si\/it\/chi-siamo\/","title":{"rendered":"Chi siamo"},"content":{"rendered":"\t\t<div data-elementor-type=\"wp-page\" data-elementor-id=\"537\" class=\"elementor elementor-537 elementor-305\" data-elementor-post-type=\"page\">\n\t\t\t\t\t\t<section class=\"elementor-section elementor-top-section elementor-element elementor-element-3604802 elementor-section-height-min-height elementor-section-content-middle elementor-section-boxed elementor-section-height-default elementor-section-items-middle\" data-id=\"3604802\" data-element_type=\"section\" data-e-type=\"section\" data-settings=\"{&quot;background_background&quot;:&quot;classic&quot;}\">\n\t\t\t\t\t\t\t<div class=\"elementor-background-overlay\"><\/div>\n\t\t\t\t\t\t\t<div class=\"elementor-container elementor-column-gap-no\">\n\t\t\t\t\t<div class=\"elementor-column elementor-col-100 elementor-top-column elementor-element elementor-element-c0467b7\" data-id=\"c0467b7\" data-element_type=\"column\" data-e-type=\"column\" data-settings=\"{&quot;background_background&quot;:&quot;classic&quot;}\">\n\t\t\t<div class=\"elementor-widget-wrap elementor-element-populated\">\n\t\t\t\t\t\t<div class=\"elementor-element elementor-element-9f10e6d elementor-widget elementor-widget-theme-post-title elementor-page-title elementor-widget-heading\" data-id=\"9f10e6d\" data-element_type=\"widget\" data-e-type=\"widget\" data-widget_type=\"theme-post-title.default\">\n\t\t\t\t<div class=\"elementor-widget-container\">\n\t\t\t\t\t<h1 class=\"elementor-heading-title elementor-size-default\">Chi siamo<\/h1>\t\t\t\t<\/div>\n\t\t\t\t<\/div>\n\t\t\t\t\t<\/div>\n\t\t<\/div>\n\t\t\t\t\t<\/div>\n\t\t<\/section>\n\t\t\t\t<section class=\"elementor-section elementor-top-section elementor-element elementor-element-3615992f elementor-section-boxed elementor-section-height-default elementor-section-height-default\" data-id=\"3615992f\" data-element_type=\"section\" data-e-type=\"section\">\n\t\t\t\t\t\t<div class=\"elementor-container elementor-column-gap-no\">\n\t\t\t\t\t<div class=\"elementor-column elementor-col-100 elementor-top-column elementor-element elementor-element-1e41efab\" data-id=\"1e41efab\" data-element_type=\"column\" data-e-type=\"column\">\n\t\t\t<div class=\"elementor-widget-wrap elementor-element-populated\">\n\t\t\t\t\t\t<div class=\"elementor-element elementor-element-c029fd8 elementor-widget elementor-widget-shortcode\" data-id=\"c029fd8\" data-element_type=\"widget\" data-e-type=\"widget\" data-widget_type=\"shortcode.default\">\n\t\t\t\t<div class=\"elementor-widget-container\">\n\t\t\t\t\t\t\t<div class=\"elementor-shortcode\">\t\t<div data-elementor-type=\"page\" data-elementor-id=\"515\" class=\"elementor elementor-515 elementor-222 elementor-222\" data-elementor-post-type=\"elementor_library\">\n\t\t\t\t\t\t<section class=\"elementor-section elementor-top-section elementor-element elementor-element-44704b94 elementor-section-boxed elementor-section-height-default elementor-section-height-default\" data-id=\"44704b94\" data-element_type=\"section\" data-e-type=\"section\" data-settings=\"{&quot;background_background&quot;:&quot;classic&quot;}\">\n\t\t\t\t\t\t\t<div class=\"elementor-background-overlay\"><\/div>\n\t\t\t\t\t\t\t<div class=\"elementor-container elementor-column-gap-no\">\n\t\t\t\t\t<div class=\"elementor-column elementor-col-100 elementor-top-column elementor-element elementor-element-5538278\" data-id=\"5538278\" data-element_type=\"column\" data-e-type=\"column\">\n\t\t\t<div class=\"elementor-widget-wrap elementor-element-populated\">\n\t\t\t\t\t\t<section class=\"elementor-section elementor-inner-section elementor-element elementor-element-2461b6d6 elementor-section-boxed elementor-section-height-default elementor-section-height-default\" data-id=\"2461b6d6\" data-element_type=\"section\" data-e-type=\"section\">\n\t\t\t\t\t\t<div class=\"elementor-container elementor-column-gap-no\">\n\t\t\t\t\t<div class=\"elementor-column elementor-col-50 elementor-inner-column elementor-element elementor-element-7a2e5d1e\" data-id=\"7a2e5d1e\" data-element_type=\"column\" data-e-type=\"column\" data-settings=\"{&quot;background_background&quot;:&quot;classic&quot;}\">\n\t\t\t<div class=\"elementor-widget-wrap elementor-element-populated\">\n\t\t\t\t\t\t<section class=\"elementor-section elementor-inner-section elementor-element elementor-element-2af9b2ac elementor-section-boxed elementor-section-height-default elementor-section-height-default\" data-id=\"2af9b2ac\" data-element_type=\"section\" data-e-type=\"section\">\n\t\t\t\t\t\t<div class=\"elementor-container elementor-column-gap-no\">\n\t\t\t\t\t<div class=\"elementor-column elementor-col-100 elementor-inner-column elementor-element elementor-element-2a8928be\" data-id=\"2a8928be\" data-element_type=\"column\" data-e-type=\"column\">\n\t\t\t<div class=\"elementor-widget-wrap elementor-element-populated\">\n\t\t\t\t\t\t<div class=\"elementor-element elementor-element-25cf22bd elementor-widget elementor-widget-heading\" data-id=\"25cf22bd\" data-element_type=\"widget\" data-e-type=\"widget\" data-widget_type=\"heading.default\">\n\t\t\t\t<div class=\"elementor-widget-container\">\n\t\t\t\t\t<h5 class=\"elementor-heading-title elementor-size-default\">Gregor Vu\u010dko<\/h5>\t\t\t\t<\/div>\n\t\t\t\t<\/div>\n\t\t\t\t<div class=\"elementor-element elementor-element-57b737a elementor-widget elementor-widget-heading\" data-id=\"57b737a\" data-element_type=\"widget\" data-e-type=\"widget\" data-widget_type=\"heading.default\">\n\t\t\t\t<div class=\"elementor-widget-container\">\n\t\t\t\t\t<p class=\"elementor-heading-title elementor-size-default\">Gregor Vu\u010dko, MD, Specialista in Medicina di Famiglia<\/p>\t\t\t\t<\/div>\n\t\t\t\t<\/div>\n\t\t\t\t<div class=\"elementor-element elementor-element-156870f6 elementor-widget elementor-widget-text-editor\" data-id=\"156870f6\" data-element_type=\"widget\" data-e-type=\"widget\" data-widget_type=\"text-editor.default\">\n\t\t\t\t<div class=\"elementor-widget-container\">\n\t\t\t\t\t\t\t\t\t<p>Gregor Vu\u010dko \u00e8 un rinomato specialista in medicina generale con molti anni di esperienza nella medicina di famiglia. Ha iniziato la sua carriera professionale con la laurea con lode in medicina presso la Facolt\u00e0 di Medicina dell&#8217;Universit\u00e0 di Lubiana, seguita da una specializzazione in medicina generale.<\/p><p>Con la sua competenza, il suo approccio empatico e la sua dedizione ai pazienti, il dottor Vu\u010dko si prende cura della salute degli abitanti di Portorose e dell&#8217;Istria slovena da molti anni. La sua filosofia si basa su un approccio olistico alla salute, incentrato non solo sul trattamento delle malattie, ma anche sulla prevenzione e sulla promozione di uno stile di vita sano.<\/p><p>Il Dott. Vu\u010dko si forma continuamente e segue le ultime tendenze mediche, il che gli permette di fornire ai suoi pazienti i servizi medici pi\u00f9 moderni e di alta qualit\u00e0. Presta particolare attenzione all&#8217;approccio individuale a ciascun paziente, ritenendo che la chiave del successo del trattamento risieda nella comprensione delle esigenze e delle circostanze uniche di ogni persona.<\/p><p>Nel suo studio, il dottore Vu\u010dko copre un&#8217;ampia gamma di servizi sanitari, dai controlli preventivi e le vaccinazioni alla gestione delle malattie croniche e all&#8217;educazione sanitaria. L&#8217;obiettivo \u00e8 creare un ambiente di fiducia in cui i pazienti si sentano ascoltati, compresi e rispettati.<\/p>\t\t\t\t\t\t\t\t<\/div>\n\t\t\t\t<\/div>\n\t\t\t\t\t<\/div>\n\t\t<\/div>\n\t\t\t\t\t<\/div>\n\t\t<\/section>\n\t\t\t\t\t<\/div>\n\t\t<\/div>\n\t\t\t\t<div class=\"elementor-column elementor-col-50 elementor-inner-column elementor-element elementor-element-45cd77b3\" data-id=\"45cd77b3\" data-element_type=\"column\" data-e-type=\"column\" data-settings=\"{&quot;background_background&quot;:&quot;classic&quot;}\">\n\t\t\t<div class=\"elementor-widget-wrap elementor-element-populated\">\n\t\t\t\t\t\t<section class=\"elementor-section elementor-inner-section elementor-element elementor-element-3105e3e6 elementor-section-boxed elementor-section-height-default elementor-section-height-default\" data-id=\"3105e3e6\" data-element_type=\"section\" data-e-type=\"section\">\n\t\t\t\t\t\t<div class=\"elementor-container elementor-column-gap-no\">\n\t\t\t\t\t<div class=\"elementor-column elementor-col-100 elementor-inner-column elementor-element elementor-element-61999652\" data-id=\"61999652\" data-element_type=\"column\" data-e-type=\"column\">\n\t\t\t<div class=\"elementor-widget-wrap elementor-element-populated\">\n\t\t\t\t\t\t<div class=\"elementor-element elementor-element-7b2615c elementor-widget elementor-widget-heading\" data-id=\"7b2615c\" data-element_type=\"widget\" data-e-type=\"widget\" data-widget_type=\"heading.default\">\n\t\t\t\t<div class=\"elementor-widget-container\">\n\t\t\t\t\t<h5 class=\"elementor-heading-title elementor-size-default\">Toma\u017e Vu\u010dko<\/h5>\t\t\t\t<\/div>\n\t\t\t\t<\/div>\n\t\t\t\t<div class=\"elementor-element elementor-element-0971b79 elementor-widget elementor-widget-heading\" data-id=\"0971b79\" data-element_type=\"widget\" data-e-type=\"widget\" data-widget_type=\"heading.default\">\n\t\t\t\t<div class=\"elementor-widget-container\">\n\t\t\t\t\t<p class=\"elementor-heading-title elementor-size-default\">tecnico infermieristico<\/p>\t\t\t\t<\/div>\n\t\t\t\t<\/div>\n\t\t\t\t<div class=\"elementor-element elementor-element-26ad8c9 elementor-widget elementor-widget-text-editor\" data-id=\"26ad8c9\" data-element_type=\"widget\" data-e-type=\"widget\" data-widget_type=\"text-editor.default\">\n\t\t\t\t<div class=\"elementor-widget-container\">\n\t\t\t\t\t\t\t\t\t<p>Toma\u017e Vu\u010dko \u00e8 un tecnico infermieristico che si occupa dell&#8217;accoglienza dei pazienti, delle loro cartelle, dei referti e delle prescrizioni presso l&#8217;Istituto di Salute Dr. Vu\u010dko. Fornisce inoltre assistenza tecnica e manutenzione delle apparecchiature, consentendo un&#8217;assistenza sanitaria di qualit\u00e0. La sua competenza e la sua attenzione ai dettagli contribuiscono alla gestione efficiente della clinica.<\/p>\t\t\t\t\t\t\t\t<\/div>\n\t\t\t\t<\/div>\n\t\t\t\t<div class=\"elementor-element elementor-element-6e8ed92c elementor-widget elementor-widget-heading\" data-id=\"6e8ed92c\" data-element_type=\"widget\" data-e-type=\"widget\" data-widget_type=\"heading.default\">\n\t\t\t\t<div class=\"elementor-widget-container\">\n\t\t\t\t\t<h5 class=\"elementor-heading-title elementor-size-default\">Katarina Zagradnik<\/h5>\t\t\t\t<\/div>\n\t\t\t\t<\/div>\n\t\t\t\t<div class=\"elementor-element elementor-element-b237116 elementor-widget elementor-widget-heading\" data-id=\"b237116\" data-element_type=\"widget\" data-e-type=\"widget\" data-widget_type=\"heading.default\">\n\t\t\t\t<div class=\"elementor-widget-container\">\n\t\t\t\t\t<p class=\"elementor-heading-title elementor-size-default\">infermiere diplomato - infermiere di riferimento<\/p>\t\t\t\t<\/div>\n\t\t\t\t<\/div>\n\t\t\t\t<div class=\"elementor-element elementor-element-227e1508 elementor-widget elementor-widget-text-editor\" data-id=\"227e1508\" data-element_type=\"widget\" data-e-type=\"widget\" data-widget_type=\"text-editor.default\">\n\t\t\t\t<div class=\"elementor-widget-container\">\n\t\t\t\t\t\t\t\t\t<p>Katarina Zagradnik \u00e8 un&#8217;infermiera diplomata con una vasta esperienza nel settore infermieristico. In qualit\u00e0 di infermiera di riferimento presso l&#8217;Istituto di cura Dr Vu\u010dko, svolge un ruolo importante nel garantire ai pazienti un&#8217;assistenza medica completa e di qualit\u00e0.<\/p><p>Katarina si distingue per la sua competenza e il suo approccio empatico ai pazienti. I suoi compiti principali comprendono:<\/p><ul><li>gestione di attivit\u00e0 di prevenzione e programmi di screening<\/li><li>monitoraggio dei pazienti cronici<\/li><li>educazione sanitaria e consulenza ai pazienti<\/li><li>coordinamento tra i pazienti e il medico<\/li><\/ul><p>Con il suo lavoro, Katarina d\u00e0 un importante contributo al miglioramento della salute e della qualit\u00e0 di vita dei pazienti. La sua dedizione, professionalit\u00e0 e gentilezza sono una parte indispensabile del team Zdravstveni zavod dr. Vu\u010dko.<\/p>\t\t\t\t\t\t\t\t<\/div>\n\t\t\t\t<\/div>\n\t\t\t\t\t<\/div>\n\t\t<\/div>\n\t\t\t\t\t<\/div>\n\t\t<\/section>\n\t\t\t\t\t<\/div>\n\t\t<\/div>\n\t\t\t\t\t<\/div>\n\t\t<\/section>\n\t\t\t\t\t<\/div>\n\t\t<\/div>\n\t\t\t\t\t<\/div>\n\t\t<\/section>\n\t\t\t\t<\/div>\n\t\t<\/div>\n\t\t\t\t\t\t<\/div>\n\t\t\t\t<\/div>\n\t\t\t\t\t<\/div>\n\t\t<\/div>\n\t\t\t\t\t<\/div>\n\t\t<\/section>\n\t\t\t\t<\/div>\n\t\t","protected":false},"excerpt":{"rendered":"","protected":false},"author":1,"featured_media":0,"parent":0,"menu_order":0,"comment_status":"closed","ping_status":"closed","template":"elementor_header_footer","meta":{"footnotes":""},"class_list":["post-537","page","type-page","status-publish","hentry"],"_links":{"self":[{"href":"https:\/\/zavod-vucko.si\/it\/wp-json\/wp\/v2\/pages\/537","targetHints":{"allow":["GET"]}}],"collection":[{"href":"https:\/\/zavod-vucko.si\/it\/wp-json\/wp\/v2\/pages"}],"about":[{"href":"https:\/\/zavod-vucko.si\/it\/wp-json\/wp\/v2\/types\/page"}],"author":[{"embeddable":true,"href":"https:\/\/zavod-vucko.si\/it\/wp-json\/wp\/v2\/users\/1"}],"replies":[{"embeddable":true,"href":"https:\/\/zavod-vucko.si\/it\/wp-json\/wp\/v2\/comments?post=537"}],"version-history":[{"count":1,"href":"https:\/\/zavod-vucko.si\/it\/wp-json\/wp\/v2\/pages\/537\/revisions"}],"predecessor-version":[{"id":538,"href":"https:\/\/zavod-vucko.si\/it\/wp-json\/wp\/v2\/pages\/537\/revisions\/538"}],"wp:attachment":[{"href":"https:\/\/zavod-vucko.si\/it\/wp-json\/wp\/v2\/media?parent=537"}],"curies":[{"name":"wp","href":"https:\/\/api.w.org\/{rel}","templated":true}]}}